{"id":13,"date":"2015-12-07T12:43:07","date_gmt":"2015-12-07T11:43:07","guid":{"rendered":"http:\/\/protobox.eu\/?post_type=product&#038;p=13"},"modified":"2026-04-19T11:17:58","modified_gmt":"2026-04-19T09:17:58","slug":"protobox","status":"publish","type":"product","link":"https:\/\/protobox.eu\/?product=protobox","title":{"rendered":"Protobox"},"content":{"rendered":"<p>Schlu\u00df mit l\u00e4stigen Einzelbestellungen, tr\u00f6pfchenweiser Zusendung aus deutschlandweit verteilten Lagern oder stressigen Suchaktionen in letzter Minute.\u00a0Die Protobox erweitert den klassischen Moderationskoffer um Inspirations- und Prototypingmaterialien f\u00fcr das Denken um die Ecke.\u00a0Die\u00a0Protobox hilft im\u00a0Team<\/p>\n<ul>\n<li>erste Ideen und Konzepte schnell und unaufwendig zu visualisieren<\/li>\n<li>\u201amit den H\u00e4nden zu denken\u2018<\/li>\n<li>die individuellen gedanklichen Konzepte der Teammitglieder zu einem konkreten gemeinsamen\u00a0Verst\u00e4ndnis zu integrieren<\/li>\n<li>Entscheidungskonflikte durch verschiedene Varianten zu kanalisieren<\/li>\n<li>die Basis f\u00fcr unaufwendiges, fr\u00fches Feedback zu schaffen<\/li>\n<\/ul>\n<p>Sie enth\u00e4lt einen umfangreichen\u00a0Materialmix zur Herstellung super simpler anfassbarer Prototypen in Ideen- und Innovationsworkshops, f\u00fcr UI\/UX Design Projekte oder Design Thinking Formate:<\/p>\n<p><strong>Moderationshilfen\u00a0f\u00fcr kollaborative Teamarbeit<br \/>\n<\/strong>12x Stabilo\u00ae Stifte schwarz Pen68, 10x Magnete, 4x Haftnotizen 76x76mm, 6x Haftnotizen 127x76mm,<br \/>\n1x Haftnotizen 200x149mm,\u00a01 Rolle statische Whiteboardfolie,\u00a08x Boardmarker farbig sortiert, 192x Klebepunkte 4 Farben<br \/>\n<strong>Arbeitsmaterial und Werkzeuge f\u00fcr schnelles Prototyping<\/strong><br \/>\n2x Handabroller mit\u00a0Klebeband, 1 Tacker best\u00fcckt, 1 Block Buntpapier\u00a0A4, 3x Moosgummi\u00a0A4, 2x Filz\u00a0A4,<br \/>\n1 Blisterfolie A4, 4x Fotokarton\u00a0A4, 2x Klebestifte, 1 Malerkrepprolle, 2x Scheren, 1 Pack\u00a0Knete bunt,\u00a0Styroporeinzelteile je 2x Ringe, Kugeln und Kegel sowie 2x gro\u00dfe Rechtecke, 10x Trinkhalme,<br \/>\n20x Holzspie\u00dfe, 10x Pfeifenreiniger, 1 Rolle Basteldraht, 1x Teppichmesser, 1 Rolle Alufolie, 1 Rolle Bastgarn natur, 10x W\u00e4scheklammern, 1 Packung Fasermaler bunt;<br \/>\nzus\u00e4tzlich verschieden gro\u00dfe B\u00fcroklammern &amp; Gummib\u00e4nder, Wolle, Stoffe, Krepppapier, Nanowell-Pappe<br \/>\n<strong>Inspirationsmaterial<\/strong><br \/>\n2x Spielzeugautos, 40x Legebausteine\u00ae\/Q-Bricks , 5x Legofiguren\u00ae, 1x Premium Bauplatte gro\u00df,<br \/>\n1 T\u00fcte Playmais\u00ae, verschiedene Holzfiguren, 1\u00a0\u00dcberraschung<br \/>\n<del><strong>Optional<br \/>\n<\/strong>Time Timer MOD \u00ae im praktischen 8&#215;8 cm Format &#8211; der visuelle Zeitmesser f\u00fcr fokussiertes Arbeiten mit Teams. Sofort betriebsbereit, Batterie bereits eingelegt.<\/del><br \/>\n<span style=\"color: #ffffff;\">Keywords:<br \/>\nDesign Thinking, Moderationsmaterial, Prototyping, Design Thinking Prozess, Hasso Plattner Institut, HPI, D-School, d.school, Stanford, IDEO, Materialsammlung, rapid Prototyping, Prototyp, Box, Agiles Arbeiten, Scrum, Canban, Teamarbeit, Moderationskoffer, Moderation, Coaching, Coach, agile Produktentwicklung, Service Design, Design Sprint, Makerbox, mit den H\u00e4nden denken, Moderationsunterst\u00fctzung, Prototypingmaterial<\/span><\/p>\n","protected":false},"excerpt":{"rendered":"<p>handlicher\u00a0Prototyping- und Moderationskoffer<br \/>\nalle\u00a0Materialien\u00a0praktisch in F\u00e4chern sortiert<br \/>\nf\u00fcr 2 Teams oder \/ bis zu 12 Personen<\/p>\n<p><b>Was ist drin?<\/b><\/p>\n<p>Inspirationsmaterial<br \/>\nModerationshilfen\u00a0f\u00fcr kollaborative Teamarbeit<br \/>\nArbeitsmaterial und Werkzeuge f\u00fcr schnelles Prototyping<\/p>\n","protected":false},"featured_media":312,"comment_status":"open","ping_status":"closed","template":"","meta":[],"product_cat":[32],"product_tag":[],"_links":{"self":[{"href":"https:\/\/protobox.eu\/index.php?rest_route=\/wp\/v2\/product\/13"}],"collection":[{"href":"https:\/\/protobox.eu\/index.php?rest_route=\/wp\/v2\/product"}],"about":[{"href":"https:\/\/protobox.eu\/index.php?rest_route=\/wp\/v2\/types\/product"}],"replies":[{"embeddable":true,"href":"https:\/\/protobox.eu\/index.php?rest_route=%2Fwp%2Fv2%2Fcomments&post=13"}],"wp:featuredmedia":[{"embeddable":true,"href":"https:\/\/protobox.eu\/index.php?rest_route=\/wp\/v2\/media\/312"}],"wp:attachment":[{"href":"https:\/\/protobox.eu\/index.php?rest_route=%2Fwp%2Fv2%2Fmedia&parent=13"}],"wp:term":[{"taxonomy":"product_cat","embeddable":true,"href":"https:\/\/protobox.eu\/index.php?rest_route=%2Fwp%2Fv2%2Fproduct_cat&post=13"},{"taxonomy":"product_tag","embeddable":true,"href":"https:\/\/protobox.eu\/index.php?rest_route=%2Fwp%2Fv2%2Fproduct_tag&post=13"}],"curies":[{"name":"wp","href":"https:\/\/api.w.org\/{rel}","templated":true}]}}